{"id":2,"date":"2019-11-25T15:58:54","date_gmt":"2019-11-25T13:58:54","guid":{"rendered":"http:\/\/kk-laskenta.fi\/?page_id=2"},"modified":"2024-06-10T19:02:11","modified_gmt":"2024-06-10T16:02:11","slug":"esimerkkisivu","status":"publish","type":"page","link":"https:\/\/kk-laskenta.fi\/","title":{"rendered":"Tervetuloa kotisivuillemme!"},"content":{"rendered":"\n<p>Olemme vuonna 2019 perustettu taloushallintoon keskittynyt yritys, joka toimii koko Suomessa. Saatte meilt\u00e4 s\u00e4hk\u00f6isen ja edullisen taloushallinnon pienyritykselle. <\/p>\n\n\n\n<p>K\u00e4yt\u00e4mme nykyaikaisia s\u00e4hk\u00f6isi\u00e4 j\u00e4rjestelmi\u00e4 kirjanpidon ja palkanlaskennan hoitamiseen ,joten saat meid\u00e4n kauttamme kokonaisvaltaisen taloushallinnon ratkaisun yrityksellesi. Tarjoamme Procountor-j\u00e4rjestelm\u00e4\u00e4 sek\u00e4 lis\u00e4ksi meill\u00e4 on k\u00e4yt\u00f6ss\u00e4 my\u00f6s SimplBooks-j\u00e4rjestelm\u00e4 eri tarpeita varten. Voimme hoitaa kirjanpidon my\u00f6s omalla j\u00e4rjestelm\u00e4ll\u00e4nne, jos Teill\u00e4 on joku muu j\u00e4rjestelm\u00e4.<\/p>\n\n\n\n<p> Laskut tulevat automaattisesti kirjanpitoon ja se nopeuttaa asiaa, kun ei tarvitse en\u00e4\u00e4 toimittaa erikseen tositteita ja laskuja kirjanpit\u00e4j\u00e4lle, vaan ne hoituvat t\u00e4ysin s\u00e4hk\u00f6isesti. Hinta palvelusta riippuu siit\u00e4, ett\u00e4 millaisia tarpeita yrityksell\u00e4 on, joten kysy tarjous! Jos ty\u00f6m\u00e4\u00e4r\u00e4 on helposti m\u00e4\u00e4ritett\u00e4viss\u00e4, niin voimme tarjota palvelun my\u00f6s kiinte\u00e4ll\u00e4 hinnalla.<\/p>\n\n\n\n<p>Kysy tarjous taloushallinnosta yrityksellesi haluamallasi j\u00e4rjestelm\u00e4ll\u00e4! Tarjoamme edullisen ratkaisun taloushallintoosi, josta saat tarvittaessa my\u00f6s raportit k\u00e4tev\u00e4sti s\u00e4hk\u00f6isess\u00e4 muodossa. Ei en\u00e4\u00e4 paperisten kuittien k\u00e4sittely\u00e4, vaan kaikki pysyy tallessa s\u00e4hk\u00f6isess\u00e4 j\u00e4rjestelm\u00e4ss\u00e4 tallennettuna. <\/p>\n\n\n\n<p><\/p>\n\n\n\n<p>L\u00e4het\u00e4 s\u00e4hk\u00f6postia myynti@kk-laskenta.fi tai soita 044 274 9251!<\/p>\n\n\n<p><!--EndFragment--><\/p>\n<p><!--EndFragment--><\/p>","protected":false},"excerpt":{"rendered":"<p>Olemme vuonna 2019 perustettu taloushallintoon keskittynyt yritys, joka toimii koko Suomessa. Saatte meilt\u00e4 s\u00e4hk\u00f6isen ja edullisen taloushallinnon pienyritykselle. K\u00e4yt\u00e4mme nykyaikaisia s\u00e4hk\u00f6isi\u00e4 j\u00e4rjestelmi\u00e4 kirjanpidon ja palkanlaskennan hoitamiseen ,joten saat meid\u00e4n kauttamme kokonaisvaltaisen taloushallinnon ratkaisun yrityksellesi. Tarjoamme Procountor-j\u00e4rjestelm\u00e4\u00e4 sek\u00e4 lis\u00e4ksi meill\u00e4 on k\u00e4yt\u00f6ss\u00e4 my\u00f6s SimplBooks-j\u00e4rjestelm\u00e4 eri tarpeita varten. Voimme hoitaa kirjanpidon my\u00f6s omalla j\u00e4rjestelm\u00e4ll\u00e4nne, jos Teill\u00e4 on &hellip; <a href=\"https:\/\/kk-laskenta.fi\/\" class=\"more-link\">Jatka lukemista<span class=\"screen-reader-text\"> &#8221;Tervetuloa kotisivuillemme!&#8221;<\/span><\/a><\/p>\n","protected":false},"author":1,"featured_media":38,"parent":0,"menu_order":0,"comment_status":"closed","ping_status":"open","template":"","meta":{"om_disable_all_campaigns":false,"_monsterinsights_skip_tracking":false,"_monsterinsights_sitenote_active":false,"_monsterinsights_sitenote_note":"","_monsterinsights_sitenote_category":0,"_uf_show_specific_survey":0,"_uf_disable_surveys":false,"footnotes":""},"class_list":["post-2","page","type-page","status-publish","has-post-thumbnail","hentry"],"aioseo_notices":[],"_links":{"self":[{"href":"https:\/\/kk-laskenta.fi\/index.php?rest_route=\/wp\/v2\/pages\/2"}],"collection":[{"href":"https:\/\/kk-laskenta.fi\/index.php?rest_route=\/wp\/v2\/pages"}],"about":[{"href":"https:\/\/kk-laskenta.fi\/index.php?rest_route=\/wp\/v2\/types\/page"}],"author":[{"embeddable":true,"href":"https:\/\/kk-laskenta.fi\/index.php?rest_route=\/wp\/v2\/users\/1"}],"replies":[{"embeddable":true,"href":"https:\/\/kk-laskenta.fi\/index.php?rest_route=%2Fwp%2Fv2%2Fcomments&post=2"}],"version-history":[{"count":9,"href":"https:\/\/kk-laskenta.fi\/index.php?rest_route=\/wp\/v2\/pages\/2\/revisions"}],"predecessor-version":[{"id":66,"href":"https:\/\/kk-laskenta.fi\/index.php?rest_route=\/wp\/v2\/pages\/2\/revisions\/66"}],"wp:featuredmedia":[{"embeddable":true,"href":"https:\/\/kk-laskenta.fi\/index.php?rest_route=\/wp\/v2\/media\/38"}],"wp:attachment":[{"href":"https:\/\/kk-laskenta.fi\/index.php?rest_route=%2Fwp%2Fv2%2Fmedia&parent=2"}],"curies":[{"name":"wp","href":"https:\/\/api.w.org\/{rel}","templated":true}]}}